{"id":9372,"date":"2022-01-19T16:55:46","date_gmt":"2022-01-19T15:55:46","guid":{"rendered":"https:\/\/aquaja.eu\/service\/handleidingen\/"},"modified":"2024-02-28T10:33:04","modified_gmt":"2024-02-28T09:33:04","slug":"webshop","status":"publish","type":"page","link":"https:\/\/aquaja.nl\/fr\/service\/webshop\/","title":{"rendered":"Webshop"},"content":{"rendered":"[vc_row type=&#8221;full_width_content&#8221; full_screen_row_position=&#8221;middle&#8221; column_margin=&#8221;default&#8221; equal_height=&#8221;yes&#8221; column_direction=&#8221;default&#8221; column_direction_tablet=&#8221;default&#8221; column_direction_phone=&#8221;default&#8221; video_bg=&#8221;use_video&#8221; video_mp4=&#8221;https:\/\/aquaja.eu\/wp-content\/uploads\/Aquaja-intro-still.mp4&#8243; video_webm=&#8221;https:\/\/aquaja.eu\/wp-content\/uploads\/Aquaja-intro-still.webm&#8221; background_video_loading=&#8221;default&#8221; scene_position=&#8221;center&#8221; top_padding=&#8221;2%&#8221; bottom_padding=&#8221;7%&#8221; text_color=&#8221;light&#8221; text_align=&#8221;left&#8221; row_border_radius=&#8221;none&#8221; row_border_radius_applies=&#8221;bg&#8221; overflow=&#8221;visible&#8221; advanced_gradient=&#8221;linear-gradient(75deg, rgba(37,74,107,0.9) 50%, rgba(228,159,34,0) 50%)&#8221; advanced_gradient_angle=&#8221;75&#8243; enable_shape_divider=&#8221;true&#8221; shape_divider_color=&#8221;#ffffff&#8221; shape_divider_position=&#8221;bottom&#8221; shape_divider_height=&#8221;100&#8243; bg_image_animation=&#8221;none&#8221; parallax_bg=&#8221;true&#8221; parallax_bg_speed=&#8221;fast&#8221; shape_type=&#8221;tilt_alt&#8221; gradient_type=&#8221;advanced&#8221; advanced_gradient_display_type=&#8221;linear&#8221;][vc_column column_padding=&#8221;padding-5-percent&#8221; column_padding_tablet=&#8221;inherit&#8221; column_padding_phone=&#8221;inherit&#8221; column_padding_position=&#8221;all&#8221; column_element_direction_desktop=&#8221;default&#8221; column_element_spacing=&#8221;default&#8221; desktop_text_alignment=&#8221;default&#8221; tablet_text_alignment=&#8221;default&#8221; phone_text_alignment=&#8221;default&#8221; background_color_opacity=&#8221;1&#8243; background_hover_color_opacity=&#8221;1&#8243; column_backdrop_filter=&#8221;none&#8221; column_shadow=&#8221;none&#8221; column_border_radius=&#8221;none&#8221; column_link_target=&#8221;_self&#8221; column_position=&#8221;default&#8221; advanced_gradient_angle=&#8221;0&#8243; gradient_direction=&#8221;left_to_right&#8221; overlay_strength=&#8221;0.3&#8243; width=&#8221;1\/2&#8243; tablet_width_inherit=&#8221;default&#8221; animation_type=&#8221;default&#8221; bg_image_animation=&#8221;none&#8221; border_type=&#8221;simple&#8221; column_border_width=&#8221;none&#8221; column_border_style=&#8221;solid&#8221; gradient_type=&#8221;default&#8221;][split_line_heading animation_type=&#8221;line-reveal-by-space&#8221; font_style=&#8221;h1&#8243; line_reveal_by_space_text_effect=&#8221;default&#8221; stagger_animation=&#8221;true&#8221; content_alignment=&#8221;default&#8221; mobile_content_alignment=&#8221;inherit&#8221; link_target=&#8221;_self&#8221; text_content=&#8221;Webshop&#8221; font_size=&#8221;8vh&#8221; animation_delay=&#8221;200&#8243;][\/split_line_heading][vc_column_text]Si vous avez un compte, vous pouvez commander des pi\u00e8ces de rechange dans notre <a href=\"https:\/\/aquaja.nl\/fr\/webshop-aquaja\/\">boutique en ligne<\/a>.<\/p>\n<p>Vous pouvez demander votre compte <a href=\"https:\/\/aquaja.nl\/business-to-business-registration-formular\/\">ici<\/a>.[\/vc_column_text][\/vc_column][vc_column column_padding=&#8221;no-extra-padding&#8221; column_padding_tablet=&#8221;inherit&#8221; column_padding_phone=&#8221;inherit&#8221; column_padding_position=&#8221;all&#8221; column_element_direction_desktop=&#8221;default&#8221; column_element_spacing=&#8221;default&#8221; desktop_text_alignment=&#8221;default&#8221; tablet_text_alignment=&#8221;default&#8221; phone_text_alignment=&#8221;default&#8221; background_color_opacity=&#8221;1&#8243; background_hover_color_opacity=&#8221;1&#8243; column_backdrop_filter=&#8221;none&#8221; column_shadow=&#8221;none&#8221; column_border_radius=&#8221;none&#8221; column_link_target=&#8221;_self&#8221; column_position=&#8221;default&#8221; gradient_direction=&#8221;left_to_right&#8221; overlay_strength=&#8221;0.3&#8243; width=&#8221;1\/2&#8243; tablet_width_inherit=&#8221;default&#8221; animation_type=&#8221;default&#8221; bg_image_animation=&#8221;none&#8221; border_type=&#8221;simple&#8221; column_border_width=&#8221;none&#8221; column_border_style=&#8221;solid&#8221;][\/vc_column][\/vc_row][vc_row type=&#8221;full_width_content&#8221; full_screen_row_position=&#8221;middle&#8221; column_margin=&#8221;default&#8221; equal_height=&#8221;yes&#8221; content_placement=&#8221;middle&#8221; column_direction=&#8221;default&#8221; column_direction_tablet=&#8221;default&#8221; column_direction_phone=&#8221;default&#8221; bg_color=&#8221;#ffffff&#8221; scene_position=&#8221;center&#8221; text_color=&#8221;dark&#8221; text_align=&#8221;left&#8221; row_border_radius=&#8221;none&#8221; row_border_radius_applies=&#8221;bg&#8221; overflow=&#8221;visible&#8221; advanced_gradient_angle=&#8221;0&#8243; overlay_strength=&#8221;0.3&#8243; gradient_direction=&#8221;left_to_right&#8221; enable_shape_divider=&#8221;true&#8221; shape_divider_color=&#8221;#ffffff&#8221; shape_divider_position=&#8221;both&#8221; shape_divider_height=&#8221;100&#8243; shape_divider_bring_to_front=&#8221;true&#8221; bg_image_animation=&#8221;none&#8221; gradient_type=&#8221;default&#8221; shape_type=&#8221;tilt_alt&#8221;][vc_column column_padding=&#8221;no-extra-padding&#8221; column_padding_tablet=&#8221;inherit&#8221; column_padding_phone=&#8221;inherit&#8221; column_padding_position=&#8221;all&#8221; column_element_direction_desktop=&#8221;default&#8221; column_element_spacing=&#8221;default&#8221; desktop_text_alignment=&#8221;default&#8221; tablet_text_alignment=&#8221;default&#8221; phone_text_alignment=&#8221;default&#8221; background_color_opacity=&#8221;1&#8243; background_hover_color_opacity=&#8221;1&#8243; background_image=&#8221;9100&#8243; background_image_position=&#8221;center center&#8221; background_image_stacking=&#8221;default&#8221; background_image_loading=&#8221;default&#8221; column_backdrop_filter=&#8221;none&#8221; font_color=&#8221;#ffffff&#8221; column_shadow=&#8221;none&#8221; column_border_radius=&#8221;none&#8221; column_link_target=&#8221;_self&#8221; column_position=&#8221;default&#8221; advanced_gradient_angle=&#8221;0&#8243; gradient_direction=&#8221;left_to_right&#8221; overlay_strength=&#8221;0.3&#8243; width=&#8221;1\/2&#8243; tablet_width_inherit=&#8221;default&#8221; animation_type=&#8221;default&#8221; bg_image_animation=&#8221;none&#8221; parallax_bg=&#8221;true&#8221; parallax_bg_speed=&#8221;very_subtle&#8221; border_type=&#8221;simple&#8221; column_border_width=&#8221;none&#8221; column_border_style=&#8221;solid&#8221; gradient_type=&#8221;default&#8221;][\/vc_column][vc_column column_padding=&#8221;padding-10-percent&#8221; column_padding_tablet=&#8221;inherit&#8221; column_padding_phone=&#8221;inherit&#8221; column_padding_position=&#8221;all&#8221; column_element_direction_desktop=&#8221;default&#8221; column_element_spacing=&#8221;default&#8221; desktop_text_alignment=&#8221;default&#8221; tablet_text_alignment=&#8221;default&#8221; phone_text_alignment=&#8221;default&#8221; background_color=&#8221;#254a6b&#8221; background_color_opacity=&#8221;1&#8243; background_hover_color_opacity=&#8221;1&#8243; column_backdrop_filter=&#8221;none&#8221; column_shadow=&#8221;none&#8221; column_border_radius=&#8221;none&#8221; column_link_target=&#8221;_self&#8221; column_position=&#8221;default&#8221; advanced_gradient_angle=&#8221;0&#8243; gradient_direction=&#8221;left_to_right&#8221; overlay_strength=&#8221;0.3&#8243; width=&#8221;1\/2&#8243; tablet_width_inherit=&#8221;default&#8221; animation_type=&#8221;default&#8221; bg_image_animation=&#8221;none&#8221; border_type=&#8221;simple&#8221; column_border_width=&#8221;none&#8221; column_border_style=&#8221;solid&#8221; gradient_type=&#8221;default&#8221;][vc_row_inner column_margin=&#8221;default&#8221; column_direction=&#8221;default&#8221; column_direction_tablet=&#8221;default&#8221; column_direction_phone=&#8221;default&#8221; text_align=&#8221;left&#8221; row_position=&#8221;default&#8221; row_position_tablet=&#8221;inherit&#8221; row_position_phone=&#8221;inherit&#8221; overflow=&#8221;visible&#8221; pointer_events=&#8221;all&#8221;][vc_column_inner column_padding=&#8221;no-extra-padding&#8221; column_padding_tablet=&#8221;inherit&#8221; column_padding_phone=&#8221;inherit&#8221; column_padding_position=&#8221;all&#8221; column_element_direction_desktop=&#8221;default&#8221; column_element_spacing=&#8221;default&#8221; desktop_text_alignment=&#8221;default&#8221; tablet_text_alignment=&#8221;default&#8221; phone_text_alignment=&#8221;default&#8221; background_color_opacity=&#8221;1&#8243; background_hover_color_opacity=&#8221;1&#8243; column_backdrop_filter=&#8221;none&#8221; font_color=&#8221;#ffffff&#8221; column_shadow=&#8221;none&#8221; column_border_radius=&#8221;none&#8221; column_link_target=&#8221;_self&#8221; overflow=&#8221;visible&#8221; advanced_gradient_angle=&#8221;0&#8243; gradient_direction=&#8221;left_to_right&#8221; overlay_strength=&#8221;0.3&#8243; width=&#8221;1\/1&#8243; tablet_width_inherit=&#8221;default&#8221; animation_type=&#8221;default&#8221; enable_animation=&#8221;true&#8221; animation=&#8221;fade-in-from-bottom&#8221; animation_easing=&#8221;default&#8221; bg_image_animation=&#8221;none&#8221; border_type=&#8221;simple&#8221; column_border_width=&#8221;none&#8221; column_border_style=&#8221;solid&#8221; gradient_type=&#8221;default&#8221;][vc_custom_heading text=&#8221;Webshop&#8221; font_container=&#8221;tag:h2|font_size:40|text_align:left|color:%23ffffff|line_height:50px&#8221; use_theme_fonts=&#8221;yes&#8221;][vc_column_text]Si vous avez un compte, vous pouvez commander des pi\u00e8ces de rechange dans notre &lt;a href=&#8221;https:\/\/aquaja.nl\/fr\/webshop-aquaja\/&#8221;&gt;boutique en ligne&lt;\/a&gt;.<\/p>\n<p>Vous pouvez demander votre compte &lt;a href=&#8221;https:\/\/aquaja.nl\/business-to-business-registration-formular\/&#8221;&gt;ici&lt;\/a&gt;.[\/vc_column_text][\/vc_column_inner][\/vc_row_inner][\/vc_column][\/vc_row][vc_row type=&#8221;full_width_background&#8221; full_screen_row_position=&#8221;middle&#8221; column_margin=&#8221;default&#8221; column_direction=&#8221;default&#8221; column_direction_tablet=&#8221;default&#8221; column_direction_phone=&#8221;default&#8221; bg_color=&#8221;#dde5f3&#8243; scene_position=&#8221;center&#8221; top_padding=&#8221;2%&#8221; text_color=&#8221;light&#8221; text_align=&#8221;left&#8221; row_border_radius=&#8221;none&#8221; row_border_radius_applies=&#8221;bg&#8221; zindex=&#8221;999&#8243; overflow=&#8221;visible&#8221; advanced_gradient_angle=&#8221;0&#8243; overlay_strength=&#8221;0.3&#8243; gradient_direction=&#8221;left_to_right&#8221; enable_shape_divider=&#8221;true&#8221; shape_divider_color=&#8221;#ffffff&#8221; shape_divider_position=&#8221;top&#8221; shape_divider_height=&#8221;100&#8243; bg_image_animation=&#8221;none&#8221; shape_type=&#8221;tilt_alt&#8221; gradient_type=&#8221;default&#8221;][vc_column column_padding=&#8221;no-extra-padding&#8221; column_padding_tablet=&#8221;inherit&#8221; column_padding_phone=&#8221;inherit&#8221; column_padding_position=&#8221;all&#8221; translate_y=&#8221;-10%&#8221; column_element_direction_desktop=&#8221;default&#8221; column_element_spacing=&#8221;default&#8221; desktop_text_alignment=&#8221;default&#8221; tablet_text_alignment=&#8221;default&#8221; phone_text_alignment=&#8221;default&#8221; background_color_opacity=&#8221;1&#8243; background_hover_color_opacity=&#8221;1&#8243; column_backdrop_filter=&#8221;none&#8221; column_shadow=&#8221;none&#8221; column_border_radius=&#8221;none&#8221; column_link_target=&#8221;_self&#8221; column_position=&#8221;default&#8221; advanced_gradient_angle=&#8221;0&#8243; gradient_direction=&#8221;left_to_right&#8221; overlay_strength=&#8221;0.3&#8243; width=&#8221;1\/1&#8243; tablet_width_inherit=&#8221;default&#8221; animation_type=&#8221;default&#8221; bg_image_animation=&#8221;none&#8221; border_type=&#8221;simple&#8221; column_border_width=&#8221;none&#8221; column_border_style=&#8221;solid&#8221; gradient_type=&#8221;default&#8221;][vc_row_inner column_margin=&#8221;default&#8221; column_direction=&#8221;default&#8221; column_direction_tablet=&#8221;default&#8221; column_direction_phone=&#8221;default&#8221; translate_y=&#8221;-50&#8243; text_align=&#8221;left&#8221; row_position=&#8221;default&#8221; row_position_tablet=&#8221;inherit&#8221; row_position_phone=&#8221;inherit&#8221; zindex=&#8221;999&#8243; overflow=&#8221;visible&#8221; pointer_events=&#8221;all&#8221;][vc_column_inner column_padding=&#8221;padding-6-percent&#8221; column_padding_tablet=&#8221;inherit&#8221; column_padding_phone=&#8221;inherit&#8221; column_padding_position=&#8221;all&#8221; column_element_direction_desktop=&#8221;default&#8221; column_element_spacing=&#8221;default&#8221; centered_text=&#8221;true&#8221; desktop_text_alignment=&#8221;default&#8221; tablet_text_alignment=&#8221;default&#8221; phone_text_alignment=&#8221;default&#8221; background_color=&#8221;#24add8&#8243; background_color_opacity=&#8221;1&#8243; background_hover_color_opacity=&#8221;1&#8243; column_backdrop_filter=&#8221;none&#8221; font_color=&#8221;#ffffff&#8221; column_shadow=&#8221;medium_depth&#8221; column_border_radius=&#8221;none&#8221; column_link_target=&#8221;_self&#8221; overflow=&#8221;visible&#8221; advanced_gradient_angle=&#8221;0&#8243; gradient_direction=&#8221;left_to_right&#8221; overlay_strength=&#8221;0.3&#8243; width=&#8221;1\/2&#8243; tablet_width_inherit=&#8221;default&#8221; animation_type=&#8221;default&#8221; bg_image_animation=&#8221;none&#8221; border_type=&#8221;simple&#8221; column_border_width=&#8221;none&#8221; column_border_style=&#8221;solid&#8221; gradient_type=&#8221;default&#8221;][vc_custom_heading text=&#8221;D\u00e9couvrez Nos Derni\u00e8res Actualit\u00e9s&#8221; font_container=&#8221;tag:h5|text_align:center&#8221; use_theme_fonts=&#8221;yes&#8221;][nectar_btn size=&#8221;large&#8221; button_style=&#8221;see-through-2&#8243; color_override=&#8221;#ffffff&#8221; hover_color_override=&#8221;#ffffff&#8221; hover_text_color_override=&#8221;#000000&#8243; icon_family=&#8221;none&#8221; url=&#8221;\/fr\/nieuws&#8221; text=&#8221;Nouvelles&#8221; margin_top=&#8221;30&#8243; margin_bottom=&#8221;1&#8243;][\/vc_column_inner][vc_column_inner column_padding=&#8221;padding-6-percent&#8221; column_padding_tablet=&#8221;inherit&#8221; column_padding_phone=&#8221;inherit&#8221; column_padding_position=&#8221;all&#8221; column_element_direction_desktop=&#8221;default&#8221; column_element_spacing=&#8221;default&#8221; centered_text=&#8221;true&#8221; desktop_text_alignment=&#8221;default&#8221; tablet_text_alignment=&#8221;default&#8221; phone_text_alignment=&#8221;default&#8221; background_color=&#8221;#e49f22&#8243; background_color_opacity=&#8221;1&#8243; background_hover_color_opacity=&#8221;1&#8243; column_backdrop_filter=&#8221;none&#8221; font_color=&#8221;#ffffff&#8221; column_shadow=&#8221;medium_depth&#8221; column_border_radius=&#8221;none&#8221; column_link_target=&#8221;_self&#8221; overflow=&#8221;visible&#8221; advanced_gradient_angle=&#8221;0&#8243; gradient_direction=&#8221;left_to_right&#8221; overlay_strength=&#8221;0.3&#8243; width=&#8221;1\/2&#8243; tablet_width_inherit=&#8221;default&#8221; animation_type=&#8221;default&#8221; bg_image_animation=&#8221;none&#8221; border_type=&#8221;simple&#8221; column_border_width=&#8221;none&#8221; column_border_style=&#8221;solid&#8221; gradient_type=&#8221;default&#8221;][vc_custom_heading text=&#8221;Prenez Contact Avec Nous&#8221; font_container=&#8221;tag:h5|text_align:center&#8221; use_theme_fonts=&#8221;yes&#8221;][nectar_btn size=&#8221;large&#8221; button_style=&#8221;see-through-2&#8243; color_override=&#8221;#ffffff&#8221; hover_color_override=&#8221;#ffffff&#8221; hover_text_color_override=&#8221;#000000&#8243; icon_family=&#8221;none&#8221; el_class=&#8221;flyout-trigger-id-9490&#8243; url=&#8221;#&#8221; text=&#8221;Contact&#8221; margin_top=&#8221;30&#8243; margin_bottom=&#8221;1&#8243;][\/vc_column_inner][\/vc_row_inner][\/vc_column][\/vc_row]\n","protected":false},"excerpt":{"rendered":"<p>[vc_row type=&#8221;full_width_content&#8221; full_screen_row_position=&#8221;middle&#8221; column_margin=&#8221;default&#8221; equal_height=&#8221;yes&#8221; column_direction=&#8221;default&#8221; column_direction_tablet=&#8221;default&#8221; column_direction_phone=&#8221;default&#8221; video_bg=&#8221;use_video&#8221; video_mp4=&#8221;https:\/\/aquaja.eu\/wp-content\/uploads\/Aquaja-intro-still.mp4&#8243; video_webm=&#8221;https:\/\/aquaja.eu\/wp-content\/uploads\/Aquaja-intro-still.webm&#8221; background_video_loading=&#8221;default&#8221; scene_position=&#8221;center&#8221; top_padding=&#8221;2%&#8221; bottom_padding=&#8221;7%&#8221; text_color=&#8221;light&#8221; text_align=&#8221;left&#8221; row_border_radius=&#8221;none&#8221; row_border_radius_applies=&#8221;bg&#8221; overflow=&#8221;visible&#8221; advanced_gradient=&#8221;linear-gradient(75deg, rgba(37,74,107,0.9) 50%, rgba(228,159,34,0) 50%)&#8221;&#8230;<\/p>\n","protected":false},"author":1,"featured_media":9965,"parent":9338,"menu_order":0,"comment_status":"closed","ping_status":"closed","template":"","meta":{"footnotes":""},"class_list":["post-9372","page","type-page","status-publish","has-post-thumbnail"],"yoast_head":"<!-- This site is optimized with the Yoast SEO plugin v27.3 - https:\/\/yoast.com\/product\/yoast-seo-wordpress\/ -->\n<title>Webshop - Aquaja | Pet &amp; Aquatic Shopfitting<\/title>\n<meta name=\"robots\" content=\"index, follow, max-snippet:-1, max-image-preview:large, max-video-preview:-1\" \/>\n<link rel=\"canonical\" href=\"https:\/\/aquaja.nl\/fr\/service\/webshop\/\" \/>\n<meta property=\"og:locale\" content=\"fr_FR\" \/>\n<meta property=\"og:type\" content=\"article\" \/>\n<meta property=\"og:title\" content=\"Webshop - Aquaja | Pet &amp; Aquatic Shopfitting\" \/>\n<meta property=\"og:description\" content=\"[vc_row type=&#8221;full_width_content&#8221; full_screen_row_position=&#8221;middle&#8221; column_margin=&#8221;default&#8221; equal_height=&#8221;yes&#8221; column_direction=&#8221;default&#8221; column_direction_tablet=&#8221;default&#8221; column_direction_phone=&#8221;default&#8221; video_bg=&#8221;use_video&#8221; video_mp4=&#8221;https:\/\/aquaja.eu\/wp-content\/uploads\/Aquaja-intro-still.mp4&#8243; video_webm=&#8221;https:\/\/aquaja.eu\/wp-content\/uploads\/Aquaja-intro-still.webm&#8221; background_video_loading=&#8221;default&#8221; scene_position=&#8221;center&#8221; top_padding=&#8221;2%&#8221; bottom_padding=&#8221;7%&#8221; text_color=&#8221;light&#8221; text_align=&#8221;left&#8221; row_border_radius=&#8221;none&#8221; row_border_radius_applies=&#8221;bg&#8221; overflow=&#8221;visible&#8221; advanced_gradient=&#8221;linear-gradient(75deg, rgba(37,74,107,0.9) 50%, rgba(228,159,34,0) 50%)&#8221;...\" \/>\n<meta property=\"og:url\" content=\"https:\/\/aquaja.nl\/fr\/service\/webshop\/\" \/>\n<meta property=\"og:site_name\" content=\"Aquaja | Pet &amp; Aquatic Shopfitting\" \/>\n<meta property=\"article:modified_time\" content=\"2024-02-28T09:33:04+00:00\" \/>\n<meta property=\"og:image\" content=\"https:\/\/aquaja.nl\/wp-content\/uploads\/ecommerce-dropshipping-oberlo-shopify-website-business-1440161-pxhere.com_-1.jpg\" \/>\n\t<meta property=\"og:image:width\" content=\"2349\" \/>\n\t<meta property=\"og:image:height\" content=\"1785\" \/>\n\t<meta property=\"og:image:type\" content=\"image\/jpeg\" \/>\n<meta name=\"twitter:card\" content=\"summary_large_image\" \/>\n<meta name=\"twitter:label1\" content=\"Dur\u00e9e de lecture estim\u00e9e\" \/>\n\t<meta name=\"twitter:data1\" content=\"3 minutes\" \/>\n<script type=\"application\/ld+json\" class=\"yoast-schema-graph\">{\"@context\":\"https:\\\/\\\/schema.org\",\"@graph\":[{\"@type\":\"WebPage\",\"@id\":\"https:\\\/\\\/aquaja.nl\\\/fr\\\/service\\\/webshop\\\/\",\"url\":\"https:\\\/\\\/aquaja.nl\\\/fr\\\/service\\\/webshop\\\/\",\"name\":\"Webshop - Aquaja | Pet &amp; Aquatic Shopfitting\",\"isPartOf\":{\"@id\":\"https:\\\/\\\/aquaja.nl\\\/#website\"},\"primaryImageOfPage\":{\"@id\":\"https:\\\/\\\/aquaja.nl\\\/fr\\\/service\\\/webshop\\\/#primaryimage\"},\"image\":{\"@id\":\"https:\\\/\\\/aquaja.nl\\\/fr\\\/service\\\/webshop\\\/#primaryimage\"},\"thumbnailUrl\":\"https:\\\/\\\/aquaja.nl\\\/wp-content\\\/uploads\\\/ecommerce-dropshipping-oberlo-shopify-website-business-1440161-pxhere.com_-1.jpg\",\"datePublished\":\"2022-01-19T15:55:46+00:00\",\"dateModified\":\"2024-02-28T09:33:04+00:00\",\"breadcrumb\":{\"@id\":\"https:\\\/\\\/aquaja.nl\\\/fr\\\/service\\\/webshop\\\/#breadcrumb\"},\"inLanguage\":\"fr-FR\",\"potentialAction\":[{\"@type\":\"ReadAction\",\"target\":[\"https:\\\/\\\/aquaja.nl\\\/fr\\\/service\\\/webshop\\\/\"]}]},{\"@type\":\"ImageObject\",\"inLanguage\":\"fr-FR\",\"@id\":\"https:\\\/\\\/aquaja.nl\\\/fr\\\/service\\\/webshop\\\/#primaryimage\",\"url\":\"https:\\\/\\\/aquaja.nl\\\/wp-content\\\/uploads\\\/ecommerce-dropshipping-oberlo-shopify-website-business-1440161-pxhere.com_-1.jpg\",\"contentUrl\":\"https:\\\/\\\/aquaja.nl\\\/wp-content\\\/uploads\\\/ecommerce-dropshipping-oberlo-shopify-website-business-1440161-pxhere.com_-1.jpg\",\"width\":2349,\"height\":1785},{\"@type\":\"BreadcrumbList\",\"@id\":\"https:\\\/\\\/aquaja.nl\\\/fr\\\/service\\\/webshop\\\/#breadcrumb\",\"itemListElement\":[{\"@type\":\"ListItem\",\"position\":1,\"name\":\"Home\",\"item\":\"https:\\\/\\\/aquaja.nl\\\/fr\\\/\"},{\"@type\":\"ListItem\",\"position\":2,\"name\":\"Service\",\"item\":\"https:\\\/\\\/aquaja.nl\\\/fr\\\/service\\\/\"},{\"@type\":\"ListItem\",\"position\":3,\"name\":\"Webshop\"}]},{\"@type\":\"WebSite\",\"@id\":\"https:\\\/\\\/aquaja.nl\\\/#website\",\"url\":\"https:\\\/\\\/aquaja.nl\\\/\",\"name\":\"Aquaja | Pet &amp; Aquatic Shopfitting\",\"description\":\"Aquaja is an internationally operating company, based in the Netherlands, with more than 20 years of experience in customized shop fittings\",\"potentialAction\":[{\"@type\":\"SearchAction\",\"target\":{\"@type\":\"EntryPoint\",\"urlTemplate\":\"https:\\\/\\\/aquaja.nl\\\/?s={search_term_string}\"},\"query-input\":{\"@type\":\"PropertyValueSpecification\",\"valueRequired\":true,\"valueName\":\"search_term_string\"}}],\"inLanguage\":\"fr-FR\"}]}<\/script>\n<!-- \/ Yoast SEO plugin. -->","yoast_head_json":{"title":"Webshop - Aquaja | Pet &amp; Aquatic Shopfitting","robots":{"index":"index","follow":"follow","max-snippet":"max-snippet:-1","max-image-preview":"max-image-preview:large","max-video-preview":"max-video-preview:-1"},"canonical":"https:\/\/aquaja.nl\/fr\/service\/webshop\/","og_locale":"fr_FR","og_type":"article","og_title":"Webshop - Aquaja | Pet &amp; Aquatic Shopfitting","og_description":"[vc_row type=&#8221;full_width_content&#8221; full_screen_row_position=&#8221;middle&#8221; column_margin=&#8221;default&#8221; equal_height=&#8221;yes&#8221; column_direction=&#8221;default&#8221; column_direction_tablet=&#8221;default&#8221; column_direction_phone=&#8221;default&#8221; video_bg=&#8221;use_video&#8221; video_mp4=&#8221;https:\/\/aquaja.eu\/wp-content\/uploads\/Aquaja-intro-still.mp4&#8243; video_webm=&#8221;https:\/\/aquaja.eu\/wp-content\/uploads\/Aquaja-intro-still.webm&#8221; background_video_loading=&#8221;default&#8221; scene_position=&#8221;center&#8221; top_padding=&#8221;2%&#8221; bottom_padding=&#8221;7%&#8221; text_color=&#8221;light&#8221; text_align=&#8221;left&#8221; row_border_radius=&#8221;none&#8221; row_border_radius_applies=&#8221;bg&#8221; overflow=&#8221;visible&#8221; advanced_gradient=&#8221;linear-gradient(75deg, rgba(37,74,107,0.9) 50%, rgba(228,159,34,0) 50%)&#8221;...","og_url":"https:\/\/aquaja.nl\/fr\/service\/webshop\/","og_site_name":"Aquaja | Pet &amp; Aquatic Shopfitting","article_modified_time":"2024-02-28T09:33:04+00:00","og_image":[{"width":2349,"height":1785,"url":"https:\/\/aquaja.nl\/wp-content\/uploads\/ecommerce-dropshipping-oberlo-shopify-website-business-1440161-pxhere.com_-1.jpg","type":"image\/jpeg"}],"twitter_card":"summary_large_image","twitter_misc":{"Dur\u00e9e de lecture estim\u00e9e":"3 minutes"},"schema":{"@context":"https:\/\/schema.org","@graph":[{"@type":"WebPage","@id":"https:\/\/aquaja.nl\/fr\/service\/webshop\/","url":"https:\/\/aquaja.nl\/fr\/service\/webshop\/","name":"Webshop - Aquaja | Pet &amp; Aquatic Shopfitting","isPartOf":{"@id":"https:\/\/aquaja.nl\/#website"},"primaryImageOfPage":{"@id":"https:\/\/aquaja.nl\/fr\/service\/webshop\/#primaryimage"},"image":{"@id":"https:\/\/aquaja.nl\/fr\/service\/webshop\/#primaryimage"},"thumbnailUrl":"https:\/\/aquaja.nl\/wp-content\/uploads\/ecommerce-dropshipping-oberlo-shopify-website-business-1440161-pxhere.com_-1.jpg","datePublished":"2022-01-19T15:55:46+00:00","dateModified":"2024-02-28T09:33:04+00:00","breadcrumb":{"@id":"https:\/\/aquaja.nl\/fr\/service\/webshop\/#breadcrumb"},"inLanguage":"fr-FR","potentialAction":[{"@type":"ReadAction","target":["https:\/\/aquaja.nl\/fr\/service\/webshop\/"]}]},{"@type":"ImageObject","inLanguage":"fr-FR","@id":"https:\/\/aquaja.nl\/fr\/service\/webshop\/#primaryimage","url":"https:\/\/aquaja.nl\/wp-content\/uploads\/ecommerce-dropshipping-oberlo-shopify-website-business-1440161-pxhere.com_-1.jpg","contentUrl":"https:\/\/aquaja.nl\/wp-content\/uploads\/ecommerce-dropshipping-oberlo-shopify-website-business-1440161-pxhere.com_-1.jpg","width":2349,"height":1785},{"@type":"BreadcrumbList","@id":"https:\/\/aquaja.nl\/fr\/service\/webshop\/#breadcrumb","itemListElement":[{"@type":"ListItem","position":1,"name":"Home","item":"https:\/\/aquaja.nl\/fr\/"},{"@type":"ListItem","position":2,"name":"Service","item":"https:\/\/aquaja.nl\/fr\/service\/"},{"@type":"ListItem","position":3,"name":"Webshop"}]},{"@type":"WebSite","@id":"https:\/\/aquaja.nl\/#website","url":"https:\/\/aquaja.nl\/","name":"Aquaja | Pet &amp; Aquatic Shopfitting","description":"Aquaja is an internationally operating company, based in the Netherlands, with more than 20 years of experience in customized shop fittings","potentialAction":[{"@type":"SearchAction","target":{"@type":"EntryPoint","urlTemplate":"https:\/\/aquaja.nl\/?s={search_term_string}"},"query-input":{"@type":"PropertyValueSpecification","valueRequired":true,"valueName":"search_term_string"}}],"inLanguage":"fr-FR"}]}},"_links":{"self":[{"href":"https:\/\/aquaja.nl\/fr\/wp-json\/wp\/v2\/pages\/9372","targetHints":{"allow":["GET"]}}],"collection":[{"href":"https:\/\/aquaja.nl\/fr\/wp-json\/wp\/v2\/pages"}],"about":[{"href":"https:\/\/aquaja.nl\/fr\/wp-json\/wp\/v2\/types\/page"}],"author":[{"embeddable":true,"href":"https:\/\/aquaja.nl\/fr\/wp-json\/wp\/v2\/users\/1"}],"replies":[{"embeddable":true,"href":"https:\/\/aquaja.nl\/fr\/wp-json\/wp\/v2\/comments?post=9372"}],"version-history":[{"count":1,"href":"https:\/\/aquaja.nl\/fr\/wp-json\/wp\/v2\/pages\/9372\/revisions"}],"predecessor-version":[{"id":11614,"href":"https:\/\/aquaja.nl\/fr\/wp-json\/wp\/v2\/pages\/9372\/revisions\/11614"}],"up":[{"embeddable":true,"href":"https:\/\/aquaja.nl\/fr\/wp-json\/wp\/v2\/pages\/9338"}],"wp:featuredmedia":[{"embeddable":true,"href":"https:\/\/aquaja.nl\/fr\/wp-json\/wp\/v2\/media\/9965"}],"wp:attachment":[{"href":"https:\/\/aquaja.nl\/fr\/wp-json\/wp\/v2\/media?parent=9372"}],"curies":[{"name":"wp","href":"https:\/\/api.w.org\/{rel}","templated":true}]}}